{"id":7788,"date":"2017-02-19T10:30:25","date_gmt":"2017-02-19T10:30:25","guid":{"rendered":"http:\/\/themicart.com\/test1\/?page_id=7788"},"modified":"2025-01-22T17:00:13","modified_gmt":"2025-01-22T16:00:13","slug":"home-1","status":"publish","type":"page","link":"https:\/\/euroholding.pl\/en\/","title":{"rendered":"Home"},"content":{"rendered":"<div class=\"wpb-content-wrapper\"><p>[vc_row full_width=&#8221;stretch_row&#8221; css=&#8221;.vc_custom_1725333751746{background-image: url(https:\/\/euroholding.pl\/wp-content\/uploads\/2023\/12\/img-2023-12-11-11-41-16.png?id=14160) !important;background-position: center !important;background-repeat: no-repeat !important;background-size: cover !important;}&#8221; el_class=&#8221;home_row-1 html5vd-bg&#8221; el_id=&#8221;player&#8221;][vc_column][vc_raw_html]JTNDdmlkZW8lMjBhdXRvcGxheSUyMG11dGVkJTIwbG9vcCUyMGlkJTNEJTIybXlWaWRlbyUyMiUzRSUwQSUyMCUyMCUzQ3NvdXJjZSUyMHNyYyUzRCUyMmh0dHBzJTNBJTJGJTJGZXVyb2hvbGRpbmcucGwlMkZ3cC1jb250ZW50JTJGdXBsb2FkcyUyRjIwMjMlMkYxMiUyRnZpZGVvaGl2ZS1BaWxnRXV0ai13YXJzYXctY2l0eXNjYXBlLTIubXA0JTIyJTIwdHlwZSUzRCUyMnZpZGVvJTJGbXA0JTIyJTNFJTBBJTNDJTJGdmlkZW8lM0U=[\/vc_raw_html][vc_custom_heading text=&#8221;Real Estate<br \/>\nTelecommunications<br \/>\nEnergy<br \/>\nNew Technologies&#8221; font_container=&#8221;tag:h2|text_align:left|color:%23ffffff&#8221; use_theme_fonts=&#8221;yes&#8221;][vc_btn title=&#8221;About Us&#8221; style=&#8221;custom&#8221; custom_background=&#8221;#d20307&#8243; custom_text=&#8221;#ffffff&#8221; link=&#8221;url:%23about_us&#8221; el_class=&#8221;down_arrow_icon&#8221;][vc_btn title=&#8221;Contact Us&#8221; style=&#8221;outline-custom&#8221; outline_custom_color=&#8221;#ffffff&#8221; outline_custom_hover_background=&#8221;#ffffff&#8221; outline_custom_hover_text=&#8221;#000000&#8243; link=&#8221;url:https%3A%2F%2Feuroholding.pl%2Fkontakt%2F|title:Kontakt&#8221;][vc_empty_space height=&#8221;1px&#8221; el_id=&#8221;about_us&#8221;][\/vc_column][\/vc_row][vc_row full_width=&#8221;stretch_row&#8221; css=&#8221;.vc_custom_1700045437661{background-color: #f5f5f5 !important;background-position: 0 0 !important;background-repeat: repeat !important;}&#8221; el_class=&#8221;home_row-2&#8243;][vc_column]<span style=\"color:#111111\" class=\"subtitle dash-true style-dark text-center\">ABOUT US<\/span>[vc_column_text]<\/p>\n<h3 style=\"text-align: center;\"><strong>Euro Holding<\/strong><\/h3>\n<p style=\"text-align: center;\">We are an innovative holding company operating throughout Poland, combining the potential of commercial real estate, telecommunications, energy, and new technologies. Our mission is to shape the future through the comprehensive integration of these key economic sectors. Discover new opportunities with us and help shape an innovative Poland. Euro Holding Group manages over 1.5 million m\u00b2 of office, retail, and service spaces.<\/p>\n<p>[\/vc_column_text][\/vc_column][\/vc_row][vc_row full_width=&#8221;stretch_row_content_no_spaces&#8221; el_class=&#8221;home_row-3-slider&#8221;][vc_column css=&#8221;.vc_custom_1534837399175{padding-top: 0px !important;}&#8221;]<section class=\"section-gallery gallery-layout-vertical grid-fluid captions-bottom\"><div><div class=\"container-fluid\"><div class=\"row no-gutter\"><div id=\"gallery-slider\"><div class=\"item \"><a href=\"https:\/\/euroholding.pl\/en\/projects\/spolki-kapitalowe\/\" class=\"portfolio-box image-container\"><img decoding=\"async\" src=\"https:\/\/euroholding.pl\/wp-content\/uploads\/2023\/11\/Rectangle-13-1.jpg\" srcset=\"https:\/\/euroholding.pl\/wp-content\/uploads\/2023\/11\/Rectangle-13-1-360x570.jpg 360w, https:\/\/euroholding.pl\/wp-content\/uploads\/2023\/11\/Rectangle-13-1.jpg 420w\" sizes=\"(min-width: 781px) 480px, calc(100vw - 30px)\" alt=\"{:pl}Sp\u00f3\u0142ki kapita\u0142owe{:}{:en}Capital Companies{:}\"><div class=\"portfolio-box-caption\"><div class=\"portfolio-box-caption-content\"><span class=\"vertical-number\">01<\/span><div class=\"project-category text-faded\"><\/div><div class=\"project-name 3\">{:pl}Sp\u00f3\u0142ki kapita\u0142owe{:}{:en}Capital Companies{:}<\/div><\/div><\/div><\/a><\/div><div class=\"item \"><a href=\"https:\/\/euroholding.pl\/en\/projects\/sky-estate\/\" class=\"portfolio-box image-container\"><img decoding=\"async\" src=\"https:\/\/euroholding.pl\/wp-content\/uploads\/2023\/11\/xtb-4-scaled-1-600x900.webp\" srcset=\"https:\/\/euroholding.pl\/wp-content\/uploads\/2023\/11\/xtb-4-scaled-1-360x570.webp 360w, https:\/\/euroholding.pl\/wp-content\/uploads\/2023\/11\/xtb-4-scaled-1-480x760.webp 480w\" sizes=\"(min-width: 781px) 480px, calc(100vw - 30px)\" alt=\"{:pl}Nieruchomo\u015bci{:}{:en}Real estate{:}\"><div class=\"portfolio-box-caption\"><div class=\"portfolio-box-caption-content\"><span class=\"vertical-number\">02<\/span><div class=\"project-category text-faded\"><\/div><div class=\"project-name 3\">{:pl}Nieruchomo\u015bci{:}{:en}Real estate{:}<\/div><\/div><\/div><\/a><\/div><div class=\"item \"><a href=\"https:\/\/euroholding.pl\/en\/projects\/starnet\/\" class=\"portfolio-box image-container\"><img decoding=\"async\" src=\"https:\/\/euroholding.pl\/wp-content\/uploads\/2023\/11\/88fd74bc5e6b6d7c77c11eaf7d7676b72.webp\" srcset=\"https:\/\/euroholding.pl\/wp-content\/uploads\/2023\/11\/88fd74bc5e6b6d7c77c11eaf7d7676b72-360x570.webp 360w, https:\/\/euroholding.pl\/wp-content\/uploads\/2023\/11\/88fd74bc5e6b6d7c77c11eaf7d7676b72-480x760.webp 480w\" sizes=\"(min-width: 781px) 480px, calc(100vw - 30px)\" alt=\"{:pl}Telekomunikacja{:}{:en}Telecommunications{:}\"><div class=\"portfolio-box-caption\"><div class=\"portfolio-box-caption-content\"><span class=\"vertical-number\">03<\/span><div class=\"project-category text-faded\"><\/div><div class=\"project-name 3\">{:pl}Telekomunikacja{:}{:en}Telecommunications{:}<\/div><\/div><\/div><\/a><\/div><div class=\"item \"><a href=\"https:\/\/euroholding.pl\/en\/projects\/grupa-energia\/\" class=\"portfolio-box image-container\"><img decoding=\"async\" src=\"https:\/\/euroholding.pl\/wp-content\/uploads\/2023\/11\/Rectangle-12.jpg\" srcset=\"https:\/\/euroholding.pl\/wp-content\/uploads\/2023\/11\/Rectangle-12-360x570.jpg 360w, https:\/\/euroholding.pl\/wp-content\/uploads\/2023\/11\/Rectangle-12.jpg 420w\" sizes=\"(min-width: 781px) 480px, calc(100vw - 30px)\" alt=\"{:pl}Energetyka{:}{:en}Energy{:}\"><div class=\"portfolio-box-caption\"><div class=\"portfolio-box-caption-content\"><span class=\"vertical-number\">04<\/span><div class=\"project-category text-faded\"><\/div><div class=\"project-name 3\">{:pl}Energetyka{:}{:en}Energy{:}<\/div><\/div><\/div><\/a><\/div><div class=\"item \"><a href=\"https:\/\/euroholding.pl\/en\/projects\/hektor\/\" class=\"portfolio-box image-container\"><img decoding=\"async\" src=\"https:\/\/euroholding.pl\/wp-content\/uploads\/2023\/11\/cfbb1334310520f9dbb46d8164324d882.webp\" srcset=\"https:\/\/euroholding.pl\/wp-content\/uploads\/2023\/11\/cfbb1334310520f9dbb46d8164324d882-360x570.webp 360w, https:\/\/euroholding.pl\/wp-content\/uploads\/2023\/11\/cfbb1334310520f9dbb46d8164324d882-480x667.webp 480w\" sizes=\"(min-width: 781px) 480px, calc(100vw - 30px)\" alt=\"{:pl}Bezpiecze\u0144stwo{:}{:en}Security{:}\"><div class=\"portfolio-box-caption\"><div class=\"portfolio-box-caption-content\"><span class=\"vertical-number\">05<\/span><div class=\"project-category text-faded\"><\/div><div class=\"project-name 3\">{:pl}Bezpiecze\u0144stwo{:}{:en}Security{:}<\/div><\/div><\/div><\/a><\/div><\/div><\/div><\/div><\/div><\/section>[\/vc_column][\/vc_row][vc_row full_width=&#8221;stretch_row&#8221; equal_height=&#8221;yes&#8221; content_placement=&#8221;middle&#8221; css=&#8221;.vc_custom_1699515153303{margin-top: 0px !important;background-color: #000000 !important;}&#8221; el_class=&#8221;home_row-4&#8243;][vc_column offset=&#8221;vc_col-md-8&#8243;][vc_single_image image=&#8221;14975&#8243; onclick=&#8221;img_link_large&#8221; css=&#8221;.vc_custom_1737550794682{margin-bottom: 0px !important;}&#8221;][\/vc_column][vc_column offset=&#8221;vc_col-md-4&#8243;][vc_row_inner el_class=&#8221;overlap-left&#8221; css=&#8221;.vc_custom_1695894017379{background-color: #111111 !important;}&#8221;][vc_column_inner]<span style=\"color:#d9d9d9\" class=\"subtitle dash-true style-dark text-default\"><\/span>[vc_column_text el_class=&#8221;top&#8221;]<\/p>\n<h3>\u201cInvisible things are the only realities\u201d<\/h3>\n<p style=\"text-align: left;\">Edgar Allan Poe<\/p>\n<p>[\/vc_column_text][vc_column_text css=&#8221;.vc_custom_1733981050829{border-top-width: 1px !important;border-top-color: #d9d9d9 !important;border-top-style: solid !important;}&#8221; el_class=&#8221;bottom&#8221;]<strong>KRZYSZTOF SUSKI<\/strong><br \/>\nPresident of the Management Board of Euro Holding[\/vc_column_text][\/vc_column_inner][\/vc_row_inner][\/vc_column][\/vc_row][vc_row full_width=&#8221;stretch_row&#8221; equal_height=&#8221;yes&#8221; content_placement=&#8221;middle&#8221; disable_element=&#8221;yes&#8221; css=&#8221;.vc_custom_1697120814494{margin-top: 0px !important;margin-bottom: 100px !important;}&#8221; el_class=&#8221;home_row-5&#8243;][vc_column el_class=&#8221;z-index-2&#8243; offset=&#8221;vc_col-md-4&#8243;][vc_row_inner el_class=&#8221;overlap-right&#8221; css=&#8221;.vc_custom_1695895731957{background-color: #111111 !important;}&#8221;][vc_column_inner]<span style=\"color:#d9d9d9\" class=\"subtitle dash-true style-dark text-default\">CYTAT<\/span>[vc_column_text el_class=&#8221;top&#8221;]<\/p>\n<h3>Lorem ipsum dolor sit amet, consectetur adipiscing elit.<br \/>\nSorem ipsum dolor sit amet.<\/h3>\n<p style=\"text-align: left;\">Norem ipsum<\/p>\n<p>[\/vc_column_text][vc_column_text css=&#8221;.vc_custom_1695896805935{border-top-width: 1px !important;border-top-color: #d9d9d9 !important;border-top-style: solid !important;}&#8221; el_class=&#8221;bottom&#8221;]<strong>ANNA BIELI\u0143SKA<\/strong><br \/>\nPrezes Zarz\u0105du Sky Estat[\/vc_column_text][\/vc_column_inner][\/vc_row_inner][\/vc_column][vc_column el_class=&#8221;z-index-1&#8243; offset=&#8221;vc_col-md-8&#8243;][vc_single_image image=&#8221;13702&#8243; onclick=&#8221;img_link_large&#8221; css=&#8221;.vc_custom_1695895802435{margin-bottom: 0px !important;}&#8221;][\/vc_column][\/vc_row][vc_row full_width=&#8221;stretch_row&#8221; equal_height=&#8221;yes&#8221; content_placement=&#8221;middle&#8221; css=&#8221;.vc_custom_1699515163634{margin-top: 0px !important;background-color: #f5f5f5 !important;}&#8221; el_class=&#8221;home_row-5&#8243;][vc_column el_class=&#8221;z-index-2&#8243; offset=&#8221;vc_col-md-4&#8243;][vc_row_inner el_class=&#8221;overlap-right&#8221; css=&#8221;.vc_custom_1695895731957{background-color: #111111 !important;}&#8221;][vc_column_inner]<span style=\"color:#d9d9d9\" class=\"subtitle dash-true style-dark text-default\"><\/span>[vc_column_text el_class=&#8221;top&#8221;]<\/p>\n<h3>Your time is limited, so don&#8217;t waste it living someone else&#8217;s life.<\/h3>\n<p style=\"text-align: left;\">Steve Jobs<\/p>\n<p>[\/vc_column_text][vc_column_text css=&#8221;.vc_custom_1733981080655{border-top-width: 1px !important;border-top-color: #d9d9d9 !important;border-top-style: solid !important;}&#8221; el_class=&#8221;bottom&#8221;]<strong>MICHA\u0141 SUSKI<\/strong><br \/>\nVice President of the Management Board of Euro Holding[\/vc_column_text][\/vc_column_inner][\/vc_row_inner][\/vc_column][vc_column el_class=&#8221;z-index-1&#8243; offset=&#8221;vc_col-md-8&#8243;][vc_single_image image=&#8221;14955&#8243; onclick=&#8221;img_link_large&#8221; css=&#8221;.vc_custom_1737384566683{margin-bottom: 0px !important;}&#8221;][\/vc_column][\/vc_row][vc_row full_width=&#8221;stretch_row&#8221; equal_height=&#8221;yes&#8221; content_placement=&#8221;middle&#8221; disable_element=&#8221;yes&#8221; css=&#8221;.vc_custom_1697120827731{margin-top: 0px !important;margin-bottom: 60px !important;background-color: #000000 !important;}&#8221; el_class=&#8221;home_row-6&#8243;][vc_column offset=&#8221;vc_col-md-8&#8243;][vc_single_image image=&#8221;13701&#8243; onclick=&#8221;img_link_large&#8221; css=&#8221;.vc_custom_1695895814750{margin-bottom: 0px !important;}&#8221;][\/vc_column][vc_column offset=&#8221;vc_col-md-4&#8243;][vc_row_inner el_class=&#8221;overlap-left&#8221; css=&#8221;.vc_custom_1695895740779{background-color: #111111 !important;}&#8221;][vc_column_inner]<span style=\"color:#d9d9d9\" class=\"subtitle dash-true style-dark text-default\">CYTAT<\/span>[vc_column_text el_class=&#8221;top&#8221;]<\/p>\n<h3>Lorem ipsum dolor sit amet, consectetur adipiscing elit.<br \/>\nSorem ipsum dolor sit amet.<\/h3>\n<p style=\"text-align: left;\">Norem ipsum<\/p>\n<p>[\/vc_column_text][vc_column_text css=&#8221;.vc_custom_1695896867135{border-top-width: 1px !important;border-top-color: #d9d9d9 !important;border-top-style: solid !important;}&#8221; el_class=&#8221;bottom&#8221;]<strong>MICHA\u0141 SUSKI<\/strong><br \/>\nWiceprezes Zarz\u0105du Euro Holding[\/vc_column_text][\/vc_column_inner][\/vc_row_inner][\/vc_column][\/vc_row][vc_row full_width=&#8221;stretch_row&#8221; gap=&#8221;10&#8243; content_placement=&#8221;middle&#8221; css=&#8221;.vc_custom_1736843190884{padding-top: 4% !important;padding-bottom: 4% !important;background: #001b4c url(https:\/\/euroholding.pl\/wp-content\/uploads\/2025\/01\/euroholding-map-bg.png?id=14938) !important;background-position: center !important;background-repeat: no-repeat !important;background-size: cover !important;}&#8221;][vc_column width=&#8221;1\/2&#8243; css=&#8221;.vc_custom_1736843085902{margin-top: 3% !important;}&#8221;]<span style=\"color:#ffffff\" class=\"subtitle dash-true style-light text-left\">WHERE WE OPERATE<\/span>[vc_custom_heading text=&#8221;Map of Poland showing<br \/>\nour operational range&#8221; font_container=&#8221;tag:h3|text_align:left|color:%23ffffff&#8221; use_theme_fonts=&#8221;yes&#8221;][vc_row_inner][vc_column_inner width=&#8221;5\/6&#8243;][vc_column_text]<span style=\"color: #4c5f82;\">Our mission is to shape the future through the comprehensive integration of these key economic sectors. Discover new opportunities with us and help shape an innovative Poland. Euro Holding Group manages over 1.5 million m\u00b2 of office, retail, and service spaces.<\/span>[\/vc_column_text][\/vc_column_inner][vc_column_inner width=&#8221;1\/6&#8243;][\/vc_column_inner][\/vc_row_inner][\/vc_column][vc_column width=&#8221;1\/2&#8243;][vc_single_image image=&#8221;14948&#8243; alignment=&#8221;center&#8221; css=&#8221;.vc_custom_1736843390502{background-image: url(https:\/\/euroholding.pl\/wp-content\/uploads\/2025\/01\/euroholding-map-pl.gif?id=14939) !important;}&#8221;][\/vc_column][\/vc_row][vc_row full_width=&#8221;stretch_row&#8221; css=&#8221;.vc_custom_1695905467636{background-color: #940003 !important;}&#8221; el_class=&#8221;home_row-8&#8243;][vc_column width=&#8221;1\/2&#8243; offset=&#8221;vc_col-md-4 vc_col-xs-12&#8243;][mvc_counter sec_style=&#8221;icon&#8221; image_height=&#8221;50&#8243; stat_numb=&#8221;25&#8243; count_speed=&#8221;2000&#8243; icon_clr=&#8221;#ffffff&#8221; icon_bg=&#8221;#dd9933&#8243; title_size=&#8221;10&#8243; title_font=&#8221;600&#8243; title_clr=&#8221;#ffffff&#8221; stat_size=&#8221;50&#8243; stat_font=&#8221;600&#8243; stat_clr=&#8221;#ffffff&#8221; count_interv=&#8221;0&#8243; count_title=&#8221;Number of companies in the group&#8221;][\/vc_column][vc_column width=&#8221;1\/2&#8243; offset=&#8221;vc_col-md-4 vc_col-xs-12&#8243;][mvc_counter sec_style=&#8221;icon&#8221; image_height=&#8221;50&#8243; stat_numb=&#8221;25&#8243; count_speed=&#8221;2000&#8243; icon_clr=&#8221;#ffffff&#8221; icon_bg=&#8221;#dd9933&#8243; title_size=&#8221;10&#8243; title_font=&#8221;600&#8243; title_clr=&#8221;#ffffff&#8221; stat_size=&#8221;50&#8243; stat_font=&#8221;600&#8243; stat_clr=&#8221;#ffffff&#8221; count_interv=&#8221;0&#8243; count_title=&#8221;Years in the market&#8221;][\/vc_column][vc_column offset=&#8221;vc_col-md-4 vc_col-xs-12&#8243; el_class=&#8221;mln_icon&#8221;][mvc_counter sec_style=&#8221;icon&#8221; image_height=&#8221;50&#8243; stat_numb=&#8221;1.5&#8243; count_speed=&#8221;2000&#8243; icon_clr=&#8221;#ffffff&#8221; icon_bg=&#8221;#dd9933&#8243; title_size=&#8221;10&#8243; title_font=&#8221;600&#8243; title_clr=&#8221;#ffffff&#8221; stat_size=&#8221;50&#8243; stat_font=&#8221;600&#8243; stat_clr=&#8221;#ffffff&#8221; count_interv=&#8221;0&#8243; count_title=&#8221;Managed areas in m\u00b2&#8221;][\/vc_column][vc_column offset=&#8221;vc_col-md-2 vc_hidden-sm vc_hidden-xs&#8221;][\/vc_column][vc_column width=&#8221;1\/2&#8243; offset=&#8221;vc_col-md-4 vc_col-xs-12&#8243;][mvc_counter sec_style=&#8221;icon&#8221; image_height=&#8221;50&#8243; stat_numb=&#8221;400&#8243; count_speed=&#8221;2000&#8243; icon_clr=&#8221;#ffffff&#8221; icon_bg=&#8221;#dd9933&#8243; title_size=&#8221;10&#8243; title_font=&#8221;600&#8243; title_clr=&#8221;#ffffff&#8221; stat_size=&#8221;50&#8243; stat_font=&#8221;600&#8243; stat_clr=&#8221;#ffffff&#8221; count_interv=&#8221;0&#8243; count_title=&#8221;Number of employees&#8221;][\/vc_column][vc_column width=&#8221;1\/2&#8243; offset=&#8221;vc_col-md-4 vc_col-xs-12&#8243; el_class=&#8221;mld_icon&#8221;][mvc_counter sec_style=&#8221;icon&#8221; image_height=&#8221;50&#8243; stat_numb=&#8221;2.1&#8243; count_speed=&#8221;2000&#8243; icon_clr=&#8221;#ffffff&#8221; icon_bg=&#8221;#dd9933&#8243; title_size=&#8221;10&#8243; title_font=&#8221;600&#8243; title_clr=&#8221;#ffffff&#8221; stat_size=&#8221;50&#8243; stat_font=&#8221;600&#8243; stat_clr=&#8221;#ffffff&#8221; count_interv=&#8221;0&#8243; count_title=&#8221;Annual turnover&#8221;][\/vc_column][vc_column offset=&#8221;vc_col-md-2 vc_hidden-sm vc_hidden-xs&#8221;][\/vc_column][\/vc_row][vc_row full_width=&#8221;stretch_row&#8221; css=&#8221;.vc_custom_1695806878916{padding-top: 80px !important;padding-bottom: 60px !important;}&#8221;][vc_column][vc_row_inner el_class=&#8221;logo_row&#8221;][vc_column_inner width=&#8221;1\/3&#8243; offset=&#8221;vc_col-md-2 vc_col-xs-6&#8243;]<a class=\"tooltip-image-container\" href=\"https:\/\/skyestate.pl\/\" target=\"_blank\"><img loading=\"lazy\" decoding=\"async\" class=\"tooltip-image size-full aligncenter\" src=\"https:\/\/euroholding.pl\/wp-content\/uploads\/2025\/01\/Sky_Logo.jpg\" alt=\"Sky Estate\" title=\"Sky Estate\" width=\"1024\" height=\"348\" data-toggle=\"tooltip\" \/><\/a>[\/vc_column_inner][vc_column_inner width=&#8221;1\/3&#8243; offset=&#8221;vc_col-md-2 vc_col-xs-6&#8243;]<a class=\"tooltip-image-container\" href=\"https:\/\/www.starnettelecom.pl\/\" target=\"_blank\"><img loading=\"lazy\" decoding=\"async\" class=\"tooltip-image size-full aligncenter\" src=\"https:\/\/euroholding.pl\/wp-content\/uploads\/2025\/01\/starnet.jpg\" alt=\"Starnet\" title=\"Starnet\" width=\"521\" height=\"397\" data-toggle=\"tooltip\" \/><\/a>[\/vc_column_inner][vc_column_inner width=&#8221;1\/3&#8243; offset=&#8221;vc_col-md-2 vc_col-xs-6&#8243;]<a class=\"tooltip-image-container\" href=\"https:\/\/grupaenergiage.pl\/\" target=\"_blank\"><img loading=\"lazy\" decoding=\"async\" class=\"tooltip-image size-full aligncenter\" src=\"https:\/\/euroholding.pl\/wp-content\/uploads\/2025\/01\/Grupa-Energia.jpg\" alt=\"Grupa Energia GE\" title=\"Grupa Energia GE\" width=\"682\" height=\"228\" data-toggle=\"tooltip\" \/><\/a>[\/vc_column_inner][vc_column_inner width=&#8221;1\/3&#8243; offset=&#8221;vc_col-md-2 vc_col-xs-6&#8243;]<a class=\"tooltip-image-container\" href=\"https:\/\/awsb-hektor.pl\/\" target=\"_blank\"><img loading=\"lazy\" decoding=\"async\" class=\"tooltip-image size-full aligncenter\" src=\"https:\/\/euroholding.pl\/wp-content\/uploads\/2025\/01\/HEKTOR.jpg\" alt=\"Hektor\" title=\"Hektor\" width=\"665\" height=\"203\" data-toggle=\"tooltip\" \/><\/a>[\/vc_column_inner][vc_column_inner width=&#8221;1\/3&#8243; offset=&#8221;vc_col-md-2 vc_col-xs-6&#8243;]<a class=\"tooltip-image-container\" href=\"https:\/\/dasoft-investment.pl\/\" target=\"_blank\"><img loading=\"lazy\" decoding=\"async\" class=\"tooltip-image size-full aligncenter\" src=\"https:\/\/euroholding.pl\/wp-content\/uploads\/2024\/09\/Group-332.svg\" alt=\"Dasoft Investment\" title=\"Dasoft Investment\" width=\"187\" height=\"64\" data-toggle=\"tooltip\" \/><\/a>[\/vc_column_inner][vc_column_inner width=&#8221;1\/3&#8243; offset=&#8221;vc_col-md-2 vc_col-xs-6&#8243;]<a class=\"tooltip-image-container\" href=\"https:\/\/ksholding.pl\/\" target=\"_blank\"><img loading=\"lazy\" decoding=\"async\" class=\"tooltip-image size-full aligncenter\" src=\"https:\/\/euroholding.pl\/wp-content\/uploads\/2024\/09\/Group-331.svg\" alt=\"KS Holding\" title=\"KS Holding\" width=\"291\" height=\"52\" data-toggle=\"tooltip\" \/><\/a>[\/vc_column_inner][\/vc_row_inner][\/vc_column][\/vc_row]<\/p>\n<\/div>","protected":false},"excerpt":{"rendered":"<p>[vc_row full_width=&#8221;stretch_row&#8221; css=&#8221;.vc_custom_1725333751746{background-image: url(https:\/\/euroholding.pl\/wp-content\/uploads\/2023\/12\/img-2023-12-11-11-41-16.png?id=14160) !important;background-position: center !important;background-repeat: no-repeat !important;background-size: cover !important;}&#8221; el_class=&#8221;home_row-1 html5vd-bg&#8221; el_id=&#8221;player&#8221;][vc_column][vc_raw_html]JTNDdmlkZW8lMjBhdXRvcGxheSUyMG11dGVkJTIwbG9vcCUyMGlkJTNEJTIybXlWaWRlbyUyMiUzRSUwQSUyMCUyMCUzQ3NvdXJjZSUyMHNyYyUzRCUyMmh0dHBzJTNBJTJGJTJGZXVyb2hvbGRpbmcucGwlMkZ3cC1jb250ZW50JTJGdXBsb2FkcyUyRjIwMjMlMkYxMiUyRnZpZGVvaGl2ZS1BaWxnRXV0ai13YXJzYXctY2l0eXNjYXBlLTIubXA0JTIyJTIwdHlwZSUzRCUyMnZpZGVvJTJGbXA0JTIyJTNFJTBBJTNDJTJGdmlkZW8lM0U=[\/vc_raw_html][vc_custom_heading text=&#8221;Real Estate Telecommunications Energy New Technologies&#8221; font_container=&#8221;tag:h2|text_align:left|color:%23ffffff&#8221; use_theme_fonts=&#8221;yes&#8221;][vc_btn title=&#8221;About Us&#8221; style=&#8221;custom&#8221; custom_background=&#8221;#d20307&#8243; custom_text=&#8221;#ffffff&#8221; link=&#8221;url:%23about_us&#8221; el_class=&#8221;down_arrow_icon&#8221;][vc_btn title=&#8221;Contact Us&#8221; style=&#8221;outline-custom&#8221; outline_custom_color=&#8221;#ffffff&#8221; outline_custom_hover_background=&#8221;#ffffff&#8221; outline_custom_hover_text=&#8221;#000000&#8243; link=&#8221;url:https%3A%2F%2Feuroholding.pl%2Fkontakt%2F|title:Kontakt&#8221;][vc_empty_space height=&#8221;1px&#8221; el_id=&#8221;about_us&#8221;][\/vc_column][\/vc_row][vc_row full_width=&#8221;stretch_row&#8221; css=&#8221;.vc_custom_1700045437661{background-color: #f5f5f5 !important;background-position: 0 0 !important;background-repeat: repeat !important;}&#8221; el_class=&#8221;home_row-2&#8243;][vc_column][vc_column_text] Euro Holding We are an innovative holding [&hellip;]<\/p>\n","protected":false},"author":1,"featured_media":0,"parent":0,"menu_order":0,"comment_status":"closed","ping_status":"closed","template":"","meta":{"footnotes":""},"class_list":["post-7788","page","type-page","status-publish","hentry"],"translation":{"provider":"WPGlobus","version":"3.0.0","language":"en","enabled_languages":["pl","en"],"languages":{"pl":{"title":true,"content":true,"excerpt":false},"en":{"title":true,"content":true,"excerpt":false}}},"acf":[],"_links":{"self":[{"href":"https:\/\/euroholding.pl\/en\/wp-json\/wp\/v2\/pages\/7788","targetHints":{"allow":["GET"]}}],"collection":[{"href":"https:\/\/euroholding.pl\/en\/wp-json\/wp\/v2\/pages"}],"about":[{"href":"https:\/\/euroholding.pl\/en\/wp-json\/wp\/v2\/types\/page"}],"author":[{"embeddable":true,"href":"https:\/\/euroholding.pl\/en\/wp-json\/wp\/v2\/users\/1"}],"replies":[{"embeddable":true,"href":"https:\/\/euroholding.pl\/en\/wp-json\/wp\/v2\/comments?post=7788"}],"version-history":[{"count":229,"href":"https:\/\/euroholding.pl\/en\/wp-json\/wp\/v2\/pages\/7788\/revisions"}],"predecessor-version":[{"id":15024,"href":"https:\/\/euroholding.pl\/en\/wp-json\/wp\/v2\/pages\/7788\/revisions\/15024"}],"wp:attachment":[{"href":"https:\/\/euroholding.pl\/en\/wp-json\/wp\/v2\/media?parent=7788"}],"curies":[{"name":"wp","href":"https:\/\/api.w.org\/{rel}","templated":true}]}}