{"id":14555,"date":"2024-08-28T09:30:40","date_gmt":"2024-08-28T07:30:40","guid":{"rendered":"https:\/\/euroholding.pl\/?page_id=14555"},"modified":"2024-12-17T15:13:04","modified_gmt":"2024-12-17T14:13:04","slug":"dasoft-investment","status":"publish","type":"page","link":"https:\/\/euroholding.pl\/en\/dasoft-investment\/","title":{"rendered":"DASOFT INVESTMENT"},"content":{"rendered":"<div class=\"wpb-content-wrapper\"><p>[vc_row full_width=&#8221;stretch_row&#8221; css=&#8221;.vc_custom_1724828582693{background-image: url(https:\/\/euroholding.pl\/wp-content\/uploads\/2024\/08\/Zrzut-ekranu-2023-08-23-o-16.40-1-1.jpg?id=14558) !important;background-position: center !important;background-repeat: no-repeat !important;background-size: cover !important;}&#8221; el_class=&#8221;custom_title&#8221;][vc_column][vc_custom_heading text=&#8221;DASOFT INVESTMENT&#8221; font_container=&#8221;tag:h1|font_size:60px|text_align:center|color:%23ffffff|line_height:100%25&#8243; use_theme_fonts=&#8221;yes&#8221;][\/vc_column][\/vc_row][vc_row full_width=&#8221;stretch_row&#8221; equal_height=&#8221;yes&#8221; content_placement=&#8221;middle&#8221; css=&#8221;.vc_custom_1724828620097{padding-top: 35px !important;padding-bottom: 35px !important;background-position: center !important;background-repeat: no-repeat !important;background-size: cover !important;}&#8221;][vc_column width=&#8221;7\/12&#8243;][vc_empty_space height=&#8221;35px&#8221; el_class=&#8221;mobile-none-768&#8243;][vc_single_image image=&#8221;14557&#8243; css=&#8221;.vc_custom_1724830169945{margin-top: 35px !important;margin-bottom: 35px !important;}&#8221;][vc_empty_space height=&#8221;13px&#8221; el_class=&#8221;mobile-none-768&#8243;][\/vc_column][vc_column width=&#8221;5\/12&#8243;][vc_single_image image=&#8221;14556&#8243; css=&#8221;.vc_custom_1724828668737{margin-bottom: 35px !important;}&#8221;][vc_empty_space height=&#8221;13px&#8221; el_class=&#8221;mobile-none-768&#8243;][vc_column_text el_class=&#8221;max-width-460&#8243; css=&#8221;.vc_custom_1734443460428{margin-bottom: 35px !important;}&#8221;]<strong>Dasoft Investment<\/strong> is a company specializing in investments in commercial and office real estate. We own office buildings located in the very heart of Warsaw. Every rental space is treated flexibly, tailored to the individual needs of the client.[\/vc_column_text][vc_empty_space height=&#8221;24px&#8221; el_class=&#8221;mobile-none-768&#8243;][vc_btn title=&#8221;Visit the website&#8221; color=&#8221;danger&#8221; link=&#8221;url:https%3A%2F%2Fdasoft-investment.pl%2F|target:_blank&#8221; el_class=&#8221;simple_button&#8221; css=&#8221;.vc_custom_1734443548513{margin-bottom: 0px !important;}&#8221;][vc_empty_space height=&#8221;35px&#8221; el_class=&#8221;desctope-none-769&#8243;][\/vc_column][\/vc_row][vc_row full_width=&#8221;stretch_row&#8221; css=&#8221;.vc_custom_1724832371698{padding-top: 70px !important;padding-bottom: 70px !important;background-image: url(https:\/\/euroholding.pl\/wp-content\/uploads\/2024\/08\/Rectangle-10.jpg?id=14560) !important;background-position: center !important;background-repeat: no-repeat !important;background-size: cover !important;}&#8221; el_class=&#8221;full-width-custom-block-with-text&#8221;][vc_column][vc_empty_space height=&#8221;5px&#8221; el_class=&#8221;mobile-none-768&#8243;]<span style=\"color:#d9d9d9\" class=\"subtitle dash-true style-dark text-center\">OUR MISSION<\/span>[vc_column_text el_class=&#8221;top fs-26&#8243; css=&#8221;.vc_custom_1734440456380{margin-top: 20px !important;margin-bottom: 0px !important;}&#8221;]<\/p>\n<h3 style=\"text-align: center;\">Our mission is to create and manage modern office and commercial spaces that meet the highest standards of quality and functionality.<\/h3>\n<p>[\/vc_column_text][vc_empty_space height=&#8221;29px&#8221; el_class=&#8221;mobile-none-768&#8243;][\/vc_column][\/vc_row][vc_row full_width=&#8221;stretch_row&#8221; equal_height=&#8221;yes&#8221; content_placement=&#8221;middle&#8221; css=&#8221;.vc_custom_1724829951167{padding-top: 35px !important;padding-bottom: 35px !important;background-position: center !important;background-repeat: no-repeat !important;background-size: cover !important;}&#8221; el_class=&#8221;column-reverse-767&#8243;][vc_column width=&#8221;5\/12&#8243;][vc_custom_heading text=&#8221;Why Invest <strong>with Us?<\/strong>&#8221; font_container=&#8221;tag:h3|font_size:35px|text_align:left&#8221; use_theme_fonts=&#8221;yes&#8221; css=&#8221;.vc_custom_1734440217658{margin-bottom: 30px !important;}&#8221;][vc_column_text el_class=&#8221;max-width-460&#8243;]<strong>Experience and Expertise:<\/strong><br \/>\nWith years of experience in the real estate industry, we conduct thorough market analyses to identify the best investment opportunities.<\/p>\n<p><strong>Personalized Approach:<\/strong><br \/>\nWe offer tailored investment strategies customized to individual goals and needs.<\/p>\n<p><strong>Stable Returns:<\/strong><br \/>\nWe invest in properties with high growth potential, delivering stable and attractive returns on investment.[\/vc_column_text][vc_empty_space height=&#8221;35px&#8221; el_class=&#8221;desctope-none-769&#8243;][\/vc_column][vc_column width=&#8221;7\/12&#8243;][vc_empty_space height=&#8221;35px&#8221; el_class=&#8221;mobile-none-768&#8243;][vc_single_image image=&#8221;14559&#8243; alignment=&#8221;right&#8221; css=&#8221;.vc_custom_1724830176490{margin-top: 35px !important;margin-bottom: 35px !important;}&#8221;][vc_empty_space height=&#8221;13px&#8221; el_class=&#8221;mobile-none-768&#8243;][\/vc_column][\/vc_row][vc_row full_width=&#8221;stretch_row_content_no_spaces&#8221; disable_element=&#8221;yes&#8221; el_class=&#8221;home_row-3-slider&#8221;][vc_column css=&#8221;.vc_custom_1534837399175{padding-top: 0px !important;}&#8221;]<section class=\"section-gallery gallery-layout-vertical grid-fluid captions-bottom\"><div><div class=\"container-fluid\"><div class=\"row no-gutter\"><div id=\"gallery-slider\"><div class=\"item \"><a href=\"https:\/\/euroholding.pl\/en\/projects\/spolki-kapitalowe\/\" class=\"portfolio-box image-container\"><img decoding=\"async\" src=\"https:\/\/euroholding.pl\/wp-content\/uploads\/2023\/11\/Rectangle-13-1.jpg\" srcset=\"https:\/\/euroholding.pl\/wp-content\/uploads\/2023\/11\/Rectangle-13-1-360x570.jpg 360w, https:\/\/euroholding.pl\/wp-content\/uploads\/2023\/11\/Rectangle-13-1.jpg 420w\" sizes=\"(min-width: 781px) 480px, calc(100vw - 30px)\" alt=\"{:pl}Sp\u00f3\u0142ki kapita\u0142owe{:}{:en}Capital Companies{:}\"><div class=\"portfolio-box-caption\"><div class=\"portfolio-box-caption-content\"><span class=\"vertical-number\">01<\/span><div class=\"project-category text-faded\"><\/div><div class=\"project-name 3\">{:pl}Sp\u00f3\u0142ki kapita\u0142owe{:}{:en}Capital Companies{:}<\/div><\/div><\/div><\/a><\/div><div class=\"item \"><a href=\"https:\/\/euroholding.pl\/en\/projects\/sky-estate\/\" class=\"portfolio-box image-container\"><img decoding=\"async\" src=\"https:\/\/euroholding.pl\/wp-content\/uploads\/2023\/11\/xtb-4-scaled-1-600x900.webp\" srcset=\"https:\/\/euroholding.pl\/wp-content\/uploads\/2023\/11\/xtb-4-scaled-1-360x570.webp 360w, https:\/\/euroholding.pl\/wp-content\/uploads\/2023\/11\/xtb-4-scaled-1-480x760.webp 480w\" sizes=\"(min-width: 781px) 480px, calc(100vw - 30px)\" alt=\"{:pl}Nieruchomo\u015bci{:}{:en}Real estate{:}\"><div class=\"portfolio-box-caption\"><div class=\"portfolio-box-caption-content\"><span class=\"vertical-number\">02<\/span><div class=\"project-category text-faded\"><\/div><div class=\"project-name 3\">{:pl}Nieruchomo\u015bci{:}{:en}Real estate{:}<\/div><\/div><\/div><\/a><\/div><div class=\"item \"><a href=\"https:\/\/euroholding.pl\/en\/projects\/starnet\/\" class=\"portfolio-box image-container\"><img decoding=\"async\" src=\"https:\/\/euroholding.pl\/wp-content\/uploads\/2023\/11\/88fd74bc5e6b6d7c77c11eaf7d7676b72.webp\" srcset=\"https:\/\/euroholding.pl\/wp-content\/uploads\/2023\/11\/88fd74bc5e6b6d7c77c11eaf7d7676b72-360x570.webp 360w, https:\/\/euroholding.pl\/wp-content\/uploads\/2023\/11\/88fd74bc5e6b6d7c77c11eaf7d7676b72-480x760.webp 480w\" sizes=\"(min-width: 781px) 480px, calc(100vw - 30px)\" alt=\"{:pl}Telekomunikacja{:}{:en}Telecommunications{:}\"><div class=\"portfolio-box-caption\"><div class=\"portfolio-box-caption-content\"><span class=\"vertical-number\">03<\/span><div class=\"project-category text-faded\"><\/div><div class=\"project-name 3\">{:pl}Telekomunikacja{:}{:en}Telecommunications{:}<\/div><\/div><\/div><\/a><\/div><div class=\"item \"><a href=\"https:\/\/euroholding.pl\/en\/projects\/grupa-energia\/\" class=\"portfolio-box image-container\"><img decoding=\"async\" src=\"https:\/\/euroholding.pl\/wp-content\/uploads\/2023\/11\/Rectangle-12.jpg\" srcset=\"https:\/\/euroholding.pl\/wp-content\/uploads\/2023\/11\/Rectangle-12-360x570.jpg 360w, https:\/\/euroholding.pl\/wp-content\/uploads\/2023\/11\/Rectangle-12.jpg 420w\" sizes=\"(min-width: 781px) 480px, calc(100vw - 30px)\" alt=\"{:pl}Energetyka{:}{:en}Energy{:}\"><div class=\"portfolio-box-caption\"><div class=\"portfolio-box-caption-content\"><span class=\"vertical-number\">04<\/span><div class=\"project-category text-faded\"><\/div><div class=\"project-name 3\">{:pl}Energetyka{:}{:en}Energy{:}<\/div><\/div><\/div><\/a><\/div><div class=\"item \"><a href=\"https:\/\/euroholding.pl\/en\/projects\/hektor\/\" class=\"portfolio-box image-container\"><img decoding=\"async\" src=\"https:\/\/euroholding.pl\/wp-content\/uploads\/2023\/11\/cfbb1334310520f9dbb46d8164324d882.webp\" srcset=\"https:\/\/euroholding.pl\/wp-content\/uploads\/2023\/11\/cfbb1334310520f9dbb46d8164324d882-360x570.webp 360w, https:\/\/euroholding.pl\/wp-content\/uploads\/2023\/11\/cfbb1334310520f9dbb46d8164324d882-480x667.webp 480w\" sizes=\"(min-width: 781px) 480px, calc(100vw - 30px)\" alt=\"{:pl}Bezpiecze\u0144stwo{:}{:en}Security{:}\"><div class=\"portfolio-box-caption\"><div class=\"portfolio-box-caption-content\"><span class=\"vertical-number\">05<\/span><div class=\"project-category text-faded\"><\/div><div class=\"project-name 3\">{:pl}Bezpiecze\u0144stwo{:}{:en}Security{:}<\/div><\/div><\/div><\/a><\/div><\/div><\/div><\/div><\/div><\/section>[\/vc_column][\/vc_row][vc_row full_width=&#8221;stretch_row&#8221; equal_height=&#8221;yes&#8221; css=&#8221;.vc_custom_1699861308894{background-color: #f5f5f5 !important;}&#8221; el_class=&#8221;project_sky_estate_row-4&#8243;][vc_column width=&#8221;1\/3&#8243;][vc_single_image image=&#8221;13923&#8243; alignment=&#8221;center&#8221;][vc_column_text]<\/p>\n<p style=\"text-align: center;\">+48 224 342 401<\/p>\n<p>[\/vc_column_text][\/vc_column][vc_column width=&#8221;1\/3&#8243;][vc_single_image image=&#8221;13922&#8243; alignment=&#8221;center&#8221;][vc_column_text]<\/p>\n<p style=\"text-align: center;\"><a href=\"mailto:biuro@euroholding.pl\">biuro@euroholding.pl<\/a><\/p>\n<p>[\/vc_column_text][\/vc_column][vc_column width=&#8221;1\/3&#8243;][vc_single_image image=&#8221;13921&#8243; alignment=&#8221;center&#8221;][vc_column_text]<\/p>\n<p style=\"text-align: center;\"><a href=\"https:\/\/maps.app.goo.gl\/uT531b9nPZkerEJJ6\" target=\"_blank\" rel=\"noopener\">Krucza 16\/22<br \/>\n00-526 Warszawa<\/a>[\/vc_column_text][\/vc_column][\/vc_row]<\/p>\n<\/div>","protected":false},"excerpt":{"rendered":"<p>[vc_row full_width=&#8221;stretch_row&#8221; css=&#8221;.vc_custom_1724828582693{background-image: url(https:\/\/euroholding.pl\/wp-content\/uploads\/2024\/08\/Zrzut-ekranu-2023-08-23-o-16.40-1-1.jpg?id=14558) !important;background-position: center !important;background-repeat: no-repeat !important;background-size: cover !important;}&#8221; el_class=&#8221;custom_title&#8221;][vc_column][vc_custom_heading text=&#8221;DASOFT INVESTMENT&#8221; font_container=&#8221;tag:h1|font_size:60px|text_align:center|color:%23ffffff|line_height:100%25&#8243; use_theme_fonts=&#8221;yes&#8221;][\/vc_column][\/vc_row][vc_row full_width=&#8221;stretch_row&#8221; equal_height=&#8221;yes&#8221; content_placement=&#8221;middle&#8221; css=&#8221;.vc_custom_1724828620097{padding-top: 35px !important;padding-bottom: 35px !important;background-position: center !important;background-repeat: no-repeat !important;background-size: cover !important;}&#8221;][vc_column width=&#8221;7\/12&#8243;][vc_empty_space height=&#8221;35px&#8221; el_class=&#8221;mobile-none-768&#8243;][vc_single_image image=&#8221;14557&#8243; css=&#8221;.vc_custom_1724830169945{margin-top: 35px !important;margin-bottom: 35px !important;}&#8221;][vc_empty_space height=&#8221;13px&#8221; el_class=&#8221;mobile-none-768&#8243;][\/vc_column][vc_column width=&#8221;5\/12&#8243;][vc_single_image image=&#8221;14556&#8243; css=&#8221;.vc_custom_1724828668737{margin-bottom: 35px !important;}&#8221;][vc_empty_space height=&#8221;13px&#8221; el_class=&#8221;mobile-none-768&#8243;][vc_column_text el_class=&#8221;max-width-460&#8243; css=&#8221;.vc_custom_1734443460428{margin-bottom: 35px !important;}&#8221;]Dasoft Investment is a [&hellip;]<\/p>\n","protected":false},"author":9,"featured_media":0,"parent":0,"menu_order":0,"comment_status":"closed","ping_status":"closed","template":"","meta":{"footnotes":""},"class_list":["post-14555","page","type-page","status-publish","hentry"],"translation":{"provider":"WPGlobus","version":"3.0.0","language":"en","enabled_languages":["pl","en"],"languages":{"pl":{"title":true,"content":true,"excerpt":false},"en":{"title":true,"content":true,"excerpt":false}}},"acf":[],"_links":{"self":[{"href":"https:\/\/euroholding.pl\/en\/wp-json\/wp\/v2\/pages\/14555","targetHints":{"allow":["GET"]}}],"collection":[{"href":"https:\/\/euroholding.pl\/en\/wp-json\/wp\/v2\/pages"}],"about":[{"href":"https:\/\/euroholding.pl\/en\/wp-json\/wp\/v2\/types\/page"}],"author":[{"embeddable":true,"href":"https:\/\/euroholding.pl\/en\/wp-json\/wp\/v2\/users\/9"}],"replies":[{"embeddable":true,"href":"https:\/\/euroholding.pl\/en\/wp-json\/wp\/v2\/comments?post=14555"}],"version-history":[{"count":26,"href":"https:\/\/euroholding.pl\/en\/wp-json\/wp\/v2\/pages\/14555\/revisions"}],"predecessor-version":[{"id":14787,"href":"https:\/\/euroholding.pl\/en\/wp-json\/wp\/v2\/pages\/14555\/revisions\/14787"}],"wp:attachment":[{"href":"https:\/\/euroholding.pl\/en\/wp-json\/wp\/v2\/media?parent=14555"}],"curies":[{"name":"wp","href":"https:\/\/api.w.org\/{rel}","templated":true}]}}