{"id":14509,"date":"2024-08-28T04:31:03","date_gmt":"2024-08-28T02:31:03","guid":{"rendered":"https:\/\/euroholding.pl\/?page_id=14509"},"modified":"2025-01-22T14:36:21","modified_gmt":"2025-01-22T13:36:21","slug":"ks-holding","status":"publish","type":"page","link":"https:\/\/euroholding.pl\/en\/ks-holding\/","title":{"rendered":"KS Holding"},"content":{"rendered":"<div class=\"wpb-content-wrapper\"><p>[vc_row full_width=&#8221;stretch_row&#8221; css=&#8221;.vc_custom_1726131912975{background-image: url(https:\/\/euroholding.pl\/wp-content\/uploads\/2023\/11\/business-people-board-room-meeting-4.jpg?id=14634) !important;background-position: center !important;background-repeat: no-repeat !important;background-size: cover !important;}&#8221; el_class=&#8221;custom_title&#8221;][vc_column][vc_custom_heading text=&#8221;KS Holding&#8221; font_container=&#8221;tag:h1|font_size:60px|text_align:center|color:%23ffffff|line_height:100%25&#8243; use_theme_fonts=&#8221;yes&#8221;][\/vc_column][\/vc_row][vc_row full_width=&#8221;stretch_row&#8221; equal_height=&#8221;yes&#8221; content_placement=&#8221;middle&#8221; css=&#8221;.vc_custom_1724817928338{padding-top: 35px !important;padding-bottom: 35px !important;background-color: #111111 !important;background-position: center !important;background-repeat: no-repeat !important;background-size: cover !important;}&#8221; el_class=&#8221;column-reverse-767&#8243;][vc_column width=&#8221;1\/2&#8243;][vc_single_image image=&#8221;14515&#8243; css=&#8221;.vc_custom_1724813272185{margin-bottom: 35px !important;}&#8221;][vc_empty_space height=&#8221;13px&#8221; el_class=&#8221;mobile-none-768&#8243;][vc_column_text el_class=&#8221;grey_text max-width-422&#8243; css=&#8221;.vc_custom_1734443883404{margin-bottom: 35px !important;}&#8221;]<strong>KS HOLDING Sp. z o.o.<\/strong> is an investment company specializing in telecommunications and fiber optic technology investments. Our mission is to support the development of modern technologies and infrastructure, which are the backbone of contemporary business.[\/vc_column_text][vc_empty_space height=&#8221;24px&#8221; el_class=&#8221;mobile-none-768&#8243;][vc_btn title=&#8221;Visit the website&#8221; color=&#8221;danger&#8221; link=&#8221;url:https%3A%2F%2Fksholding.pl%2F|target:_blank&#8221; el_class=&#8221;simple_button&#8221; css=&#8221;.vc_custom_1734443951728{margin-bottom: 0px !important;}&#8221;][vc_empty_space height=&#8221;35px&#8221; el_class=&#8221;desctope-none-769&#8243;][\/vc_column][vc_column width=&#8221;1\/2&#8243; offset=&#8221;vc_hidden-xs&#8221;][vc_empty_space height=&#8221;35px&#8221; el_class=&#8221;mobile-none-768&#8243;][vc_single_image image=&#8221;14516&#8243; alignment=&#8221;right&#8221; el_class=&#8221;full_width_photo&#8221; css=&#8221;.vc_custom_1724813568799{margin-top: 35px !important;margin-bottom: 35px !important;}&#8221;][vc_empty_space height=&#8221;13px&#8221; el_class=&#8221;mobile-none-768&#8243;][\/vc_column][\/vc_row][vc_row full_width=&#8221;stretch_row&#8221; equal_height=&#8221;yes&#8221; content_placement=&#8221;middle&#8221; css=&#8221;.vc_custom_1699620892764{background-color: #f5f5f5 !important;}&#8221; el_class=&#8221;project_sky_estate_row-2&#8243;][vc_column offset=&#8221;vc_col-md-7&#8243;][vc_single_image image=&#8221;14523&#8243; onclick=&#8221;img_link_large&#8221; css=&#8221;.vc_custom_1724817277614{margin-bottom: 0px !important;}&#8221; el_class=&#8221;full_width_photo&#8221;][\/vc_column][vc_column offset=&#8221;vc_col-md-5&#8243;][vc_row_inner el_class=&#8221;overlap-left&#8221; css=&#8221;.vc_custom_1695894017379{background-color: #111111 !important;}&#8221;][vc_column_inner]<span style=\"color:#d9d9d9\" class=\"subtitle dash-true style-dark text-default\">OUR MISSION<\/span>[vc_column_text el_class=&#8221;top fs-26&#8243;]<\/p>\n<h3>We aim to be a leader in telecommunications and fiber optic technology investments. Our goal is to support innovative solutions that contribute to the growth of the information society and enhance quality of life by improving communication infrastructure.<\/h3>\n<p>[\/vc_column_text][\/vc_column_inner][\/vc_row_inner][\/vc_column][\/vc_row][vc_row full_width=&#8221;stretch_row&#8221; equal_height=&#8221;yes&#8221; content_placement=&#8221;middle&#8221; css=&#8221;.vc_custom_1724818521386{padding-top: 35px !important;padding-bottom: 35px !important;background-color: #111111 !important;background-position: center !important;background-repeat: no-repeat !important;background-size: cover !important;}&#8221; el_class=&#8221;column-reverse-767&#8243;][vc_column width=&#8221;5\/12&#8243;][vc_custom_heading text=&#8221;What We Do?&#8221; font_container=&#8221;tag:h3|font_size:35px|text_align:left|color:%23ffffff&#8221; use_theme_fonts=&#8221;yes&#8221; css=&#8221;.vc_custom_1734444022403{margin-bottom: 36px !important;}&#8221;][vc_column_text el_class=&#8221;grey_text strong_white strong_fs-16 max-width-431&#8243; css=&#8221;.vc_custom_1734444169556{margin-bottom: 0px !important;margin-left: 7% !important;}&#8221;]<strong>Telecommunications and Internet Investments:<\/strong><br \/>\nWe invest in companies operating in the telecommunications sector, offering innovative solutions and communication services.<\/p>\n<p><strong>Fiber Optic Technology:<\/strong><br \/>\nWe support the development of fiber optic technologies critical for fast and reliable communication.<\/p>\n<p><strong>Partnerships with Tech Startups:<\/strong><br \/>\nWe collaborate with dynamic, young tech companies with the potential to introduce groundbreaking solutions to the market.[\/vc_column_text][vc_empty_space height=&#8221;35px&#8221; el_class=&#8221;desctope-none-767&#8243;][\/vc_column][vc_column width=&#8221;7\/12&#8243;][vc_empty_space height=&#8221;49px&#8221; el_class=&#8221;mobile-none-768&#8243;][vc_single_image image=&#8221;14527&#8243; css=&#8221;.vc_custom_1724818563163{margin-top: 35px !important;margin-bottom: 35px !important;}&#8221; el_class=&#8221;full_width_photo&#8221;][vc_empty_space height=&#8221;50px&#8221; el_class=&#8221;mobile-none-768&#8243;][\/vc_column][\/vc_row][vc_row equal_height=&#8221;yes&#8221; content_placement=&#8221;middle&#8221; css=&#8221;.vc_custom_1724827875760{padding-top: 35px !important;padding-bottom: 35px !important;}&#8221;][vc_column width=&#8221;1\/2&#8243;][vc_empty_space height=&#8221;35px&#8221; el_class=&#8221;mobile-none-768&#8243;][vc_single_image image=&#8221;14532&#8243; el_class=&#8221;full_width_photo&#8221; css=&#8221;.vc_custom_1724820997274{margin-top: 35px !important;margin-bottom: 35px !important;}&#8221;][vc_empty_space height=&#8221;35px&#8221; el_class=&#8221;mobile-none-768&#8243;][\/vc_column][vc_column width=&#8221;1\/2&#8243; el_class=&#8221;custom_list_col&#8221;][vc_custom_heading text=&#8221;Our Values&#8221; font_container=&#8221;tag:h3|text_align:left|color:%23000000&#8243; use_theme_fonts=&#8221;yes&#8221; css=&#8221;.vc_custom_1733984504415{margin-bottom: 35px !important;}&#8221;][info_list_father listwidth=&#8221;0&#8243; liststyle=&#8221;inset&#8221; listclr=&#8221;#d20307&#8243; css=&#8221;.vc_custom_1724827867942{margin-bottom: 0px !important;}&#8221;][info_list_son titlesize=&#8221;16&#8243; titleclr=&#8221;#111111&#8243; title=&#8221;Sustainable Development&#8221; image_id=&#8221;14534&#8243;]We back innovative projects and technologies with the potential to transform the telecommunications market.[\/info_list_son][info_list_son titlesize=&#8221;16&#8243; titleclr=&#8221;#111111&#8243; title=&#8221;Trust and Integrity&#8221; image_id=&#8221;14534&#8243;]We back innovative projects and technologies with the potential to transform the telecommunications market.[\/info_list_son][info_list_son titlesize=&#8221;16&#8243; titleclr=&#8221;#111111&#8243; title=&#8221;Innovation&#8221; image_id=&#8221;14534&#8243;]We invest in projects that are not only profitable but also contribute to sustainable social and environmental growth.[\/info_list_son][\/info_list_father][vc_empty_space height=&#8221;35px&#8221; el_class=&#8221;desctope-none-767&#8243;][\/vc_column][\/vc_row][vc_row full_width=&#8221;stretch_row&#8221; equal_height=&#8221;yes&#8221; content_placement=&#8221;middle&#8221; css=&#8221;.vc_custom_1724822802198{padding-top: 35px !important;padding-bottom: 35px !important;background-color: #111111 !important;background-position: center !important;background-repeat: no-repeat !important;background-size: cover !important;}&#8221; el_class=&#8221;column-reverse-767&#8243;][vc_column width=&#8221;7\/12&#8243;][vc_custom_heading text=&#8221;Our Projects&#8221; font_container=&#8221;tag:h3|font_size:35px|text_align:left|color:%23ffffff&#8221; use_theme_fonts=&#8221;yes&#8221; css=&#8221;.vc_custom_1734444266903{margin-bottom: 35px !important;}&#8221;][vc_empty_space height=&#8221;24px&#8221; el_class=&#8221;mobile-none-768&#8243;][vc_column_text css=&#8221;.vc_custom_1734446364132{margin-bottom: 0px !important;}&#8221; el_class=&#8221;grey_text strong_white strong_fs-16 max-width-644&#8243;]<strong>STARNET TELECOM<\/strong><\/p>\n<p><strong>StarNet Telecom Sp. z o.o. <\/strong>has been operating in the telecommunications industry since 2001, delivering modern telecommunications services to nearly hundreds of office and commercial properties across Poland.<\/p>\n<p>With extensive experience in property management, a personalized approach to each client, and a team of experts ensuring top-tier services, StarNet Telecom is a leader in the Polish telecommunications market for comprehensive commercial property management.<\/p>\n<p>StarNet Telecom\u2019s offerings include solutions for building managers, owners, and tenants, such as Internet and telephony connections, network infrastructure, network security, server room equipment, building collocation, and specialized business software. All services are supported by a dedicated team of skilled experts.[\/vc_column_text][vc_empty_space height=&#8221;35px&#8221; el_class=&#8221;desctope-none-767&#8243;][\/vc_column][vc_column width=&#8221;5\/12&#8243;][vc_empty_space height=&#8221;84px&#8221; el_class=&#8221;mobile-none-768&#8243;][vc_single_image image=&#8221;14538&#8243; alignment=&#8221;center&#8221; css=&#8221;.vc_custom_1724822264144{margin-top: 35px !important;margin-bottom: 35px !important;}&#8221;][vc_empty_space height=&#8221;72px&#8221; el_class=&#8221;mobile-none-768&#8243;][\/vc_column][\/vc_row][vc_row equal_height=&#8221;yes&#8221; content_placement=&#8221;middle&#8221; css=&#8221;.vc_custom_1724824546699{padding-top: 35px !important;padding-bottom: 35px !important;}&#8221;][vc_column width=&#8221;1\/2&#8243;][vc_empty_space height=&#8221;50px&#8221; el_class=&#8221;mobile-none-768&#8243;][vc_single_image image=&#8221;14544&#8243; css=&#8221;.vc_custom_1724823643191{margin-top: 35px !important;margin-bottom: 35px !important;}&#8221;][vc_empty_space height=&#8221;50px&#8221; el_class=&#8221;mobile-none-768&#8243;][\/vc_column][vc_column width=&#8221;1\/2&#8243;][vc_column_text el_class=&#8221;strong_fs-16&#8243; css=&#8221;.vc_custom_1734446375712{margin-bottom: 0px !important;}&#8221;]<strong>FREENET<\/strong><\/p>\n<p><strong>Freenet <\/strong>was created for customers who value flexibility, independence, and quality in their Internet services. The subscription model frees users from long-term contracts, giving them the freedom to decide how long they want to pay for the service.<\/p>\n<p>Additionally, customers can suspend their Internet service without a notice period, with billing ceasing at the end of the billing month in which the decision was made. This innovative offering allows customers to enjoy fiber optic Internet with intelligent WiFi6 options without any long-term obligations.[\/vc_column_text][vc_empty_space height=&#8221;35px&#8221; el_class=&#8221;desctope-none-767&#8243;][\/vc_column][\/vc_row][vc_row full_width=&#8221;stretch_row&#8221; equal_height=&#8221;yes&#8221; content_placement=&#8221;middle&#8221; css=&#8221;.vc_custom_1724822802198{padding-top: 35px !important;padding-bottom: 35px !important;background-color: #111111 !important;background-position: center !important;background-repeat: no-repeat !important;background-size: cover !important;}&#8221; el_class=&#8221;column-reverse-767&#8243;][vc_column width=&#8221;7\/12&#8243;][vc_empty_space height=&#8221;24px&#8221; el_class=&#8221;mobile-none-768&#8243;][vc_column_text css=&#8221;.vc_custom_1734446394009{margin-bottom: 0px !important;}&#8221; el_class=&#8221;grey_text strong_white strong_fs-16 max-width-644&#8243;]<strong>CITIMEDIA.PL<\/strong><\/p>\n<p>Operating successfully in the Warsaw telecommunications market since 2010, <strong>Citimedia.pl<\/strong> has been steadily expanding its independent fiber optic network, which is now the largest in central Poland.<\/p>\n<p>Citimedia.pl offers design and implementation of symmetrical WAN fiber optic networks, structured cabling for computer and telephone networks, and provides broadband Internet access along with stationary and VoIP telephony.<\/p>\n<p>Equipped with modern tools and machinery, the company ensures the construction of advanced telecommunications and IT infrastructure using materials from trusted manufacturers to guarantee the highest quality and durability.<\/p>\n<p>Citimedia.pl specializes in comprehensive support for companies and institutions, ensuring continuous supervision and maintenance of fiber optic networks. The company provides complete network implementation, from building connections to creating internal cabling infrastructure.[\/vc_column_text][vc_empty_space height=&#8221;35px&#8221; el_class=&#8221;desctope-none-767&#8243;][\/vc_column][vc_column width=&#8221;5\/12&#8243;][vc_empty_space height=&#8221;84px&#8221; el_class=&#8221;mobile-none-768&#8243;][vc_single_image image=&#8221;14983&#8243; alignment=&#8221;center&#8221; css=&#8221;.vc_custom_1737552842589{margin-top: 35px !important;margin-bottom: 35px !important;}&#8221;][vc_empty_space height=&#8221;72px&#8221; el_class=&#8221;mobile-none-768&#8243;][\/vc_column][\/vc_row][vc_row full_width=&#8221;stretch_row_content_no_spaces&#8221; el_class=&#8221;home_row-3-slider&#8221;][vc_column css=&#8221;.vc_custom_1534837399175{padding-top: 0px !important;}&#8221;]<section class=\"section-gallery gallery-layout-vertical grid-fluid captions-bottom\"><div><div class=\"container-fluid\"><div class=\"row no-gutter\"><div id=\"gallery-slider\"><div class=\"item \"><a href=\"https:\/\/euroholding.pl\/en\/projects\/spolki-kapitalowe\/\" class=\"portfolio-box image-container\"><img decoding=\"async\" src=\"https:\/\/euroholding.pl\/wp-content\/uploads\/2023\/11\/Rectangle-13-1.jpg\" srcset=\"https:\/\/euroholding.pl\/wp-content\/uploads\/2023\/11\/Rectangle-13-1-360x570.jpg 360w, https:\/\/euroholding.pl\/wp-content\/uploads\/2023\/11\/Rectangle-13-1.jpg 420w\" sizes=\"(min-width: 781px) 480px, calc(100vw - 30px)\" alt=\"{:pl}Sp\u00f3\u0142ki kapita\u0142owe{:}{:en}Capital Companies{:}\"><div class=\"portfolio-box-caption\"><div class=\"portfolio-box-caption-content\"><span class=\"vertical-number\">01<\/span><div class=\"project-category text-faded\"><\/div><div class=\"project-name 3\">{:pl}Sp\u00f3\u0142ki kapita\u0142owe{:}{:en}Capital Companies{:}<\/div><\/div><\/div><\/a><\/div><div class=\"item \"><a href=\"https:\/\/euroholding.pl\/en\/projects\/sky-estate\/\" class=\"portfolio-box image-container\"><img decoding=\"async\" src=\"https:\/\/euroholding.pl\/wp-content\/uploads\/2023\/11\/xtb-4-scaled-1-600x900.webp\" srcset=\"https:\/\/euroholding.pl\/wp-content\/uploads\/2023\/11\/xtb-4-scaled-1-360x570.webp 360w, https:\/\/euroholding.pl\/wp-content\/uploads\/2023\/11\/xtb-4-scaled-1-480x760.webp 480w\" sizes=\"(min-width: 781px) 480px, calc(100vw - 30px)\" alt=\"{:pl}Nieruchomo\u015bci{:}{:en}Real estate{:}\"><div class=\"portfolio-box-caption\"><div class=\"portfolio-box-caption-content\"><span class=\"vertical-number\">02<\/span><div class=\"project-category text-faded\"><\/div><div class=\"project-name 3\">{:pl}Nieruchomo\u015bci{:}{:en}Real estate{:}<\/div><\/div><\/div><\/a><\/div><div class=\"item \"><a href=\"https:\/\/euroholding.pl\/en\/projects\/starnet\/\" class=\"portfolio-box image-container\"><img decoding=\"async\" src=\"https:\/\/euroholding.pl\/wp-content\/uploads\/2023\/11\/88fd74bc5e6b6d7c77c11eaf7d7676b72.webp\" srcset=\"https:\/\/euroholding.pl\/wp-content\/uploads\/2023\/11\/88fd74bc5e6b6d7c77c11eaf7d7676b72-360x570.webp 360w, https:\/\/euroholding.pl\/wp-content\/uploads\/2023\/11\/88fd74bc5e6b6d7c77c11eaf7d7676b72-480x760.webp 480w\" sizes=\"(min-width: 781px) 480px, calc(100vw - 30px)\" alt=\"{:pl}Telekomunikacja{:}{:en}Telecommunications{:}\"><div class=\"portfolio-box-caption\"><div class=\"portfolio-box-caption-content\"><span class=\"vertical-number\">03<\/span><div class=\"project-category text-faded\"><\/div><div class=\"project-name 3\">{:pl}Telekomunikacja{:}{:en}Telecommunications{:}<\/div><\/div><\/div><\/a><\/div><div class=\"item \"><a href=\"https:\/\/euroholding.pl\/en\/projects\/grupa-energia\/\" class=\"portfolio-box image-container\"><img decoding=\"async\" src=\"https:\/\/euroholding.pl\/wp-content\/uploads\/2023\/11\/Rectangle-12.jpg\" srcset=\"https:\/\/euroholding.pl\/wp-content\/uploads\/2023\/11\/Rectangle-12-360x570.jpg 360w, https:\/\/euroholding.pl\/wp-content\/uploads\/2023\/11\/Rectangle-12.jpg 420w\" sizes=\"(min-width: 781px) 480px, calc(100vw - 30px)\" alt=\"{:pl}Energetyka{:}{:en}Energy{:}\"><div class=\"portfolio-box-caption\"><div class=\"portfolio-box-caption-content\"><span class=\"vertical-number\">04<\/span><div class=\"project-category text-faded\"><\/div><div class=\"project-name 3\">{:pl}Energetyka{:}{:en}Energy{:}<\/div><\/div><\/div><\/a><\/div><div class=\"item \"><a href=\"https:\/\/euroholding.pl\/en\/projects\/hektor\/\" class=\"portfolio-box image-container\"><img decoding=\"async\" src=\"https:\/\/euroholding.pl\/wp-content\/uploads\/2023\/11\/cfbb1334310520f9dbb46d8164324d882.webp\" srcset=\"https:\/\/euroholding.pl\/wp-content\/uploads\/2023\/11\/cfbb1334310520f9dbb46d8164324d882-360x570.webp 360w, https:\/\/euroholding.pl\/wp-content\/uploads\/2023\/11\/cfbb1334310520f9dbb46d8164324d882-480x667.webp 480w\" sizes=\"(min-width: 781px) 480px, calc(100vw - 30px)\" alt=\"{:pl}Bezpiecze\u0144stwo{:}{:en}Security{:}\"><div class=\"portfolio-box-caption\"><div class=\"portfolio-box-caption-content\"><span class=\"vertical-number\">05<\/span><div class=\"project-category text-faded\"><\/div><div class=\"project-name 3\">{:pl}Bezpiecze\u0144stwo{:}{:en}Security{:}<\/div><\/div><\/div><\/a><\/div><\/div><\/div><\/div><\/div><\/section>[\/vc_column][\/vc_row][vc_row full_width=&#8221;stretch_row&#8221; equal_height=&#8221;yes&#8221; css=&#8221;.vc_custom_1699861308894{background-color: #f5f5f5 !important;}&#8221; el_class=&#8221;project_sky_estate_row-4&#8243;][vc_column width=&#8221;1\/3&#8243;][vc_single_image image=&#8221;13923&#8243; alignment=&#8221;center&#8221;][vc_column_text]<\/p>\n<p style=\"text-align: center;\">+48 224 342 401<\/p>\n<p>[\/vc_column_text][\/vc_column][vc_column width=&#8221;1\/3&#8243;][vc_single_image image=&#8221;13922&#8243; alignment=&#8221;center&#8221;][vc_column_text]<\/p>\n<p style=\"text-align: center;\"><a href=\"mailto:biuro@euroholding.pl\">biuro@euroholding.pl<\/a><\/p>\n<p>[\/vc_column_text][\/vc_column][vc_column width=&#8221;1\/3&#8243;][vc_single_image image=&#8221;13921&#8243; alignment=&#8221;center&#8221;][vc_column_text]<\/p>\n<p style=\"text-align: center;\"><a href=\"https:\/\/maps.app.goo.gl\/uT531b9nPZkerEJJ6\" target=\"_blank\" rel=\"noopener\">Krucza 16\/22<br \/>\n00-526 Warszawa<\/a><\/p>\n<p>[\/vc_column_text][\/vc_column][\/vc_row]<\/p>\n<\/div>","protected":false},"excerpt":{"rendered":"<p>[vc_row full_width=&#8221;stretch_row&#8221; css=&#8221;.vc_custom_1726131912975{background-image: url(https:\/\/euroholding.pl\/wp-content\/uploads\/2023\/11\/business-people-board-room-meeting-4.jpg?id=14634) !important;background-position: center !important;background-repeat: no-repeat !important;background-size: cover !important;}&#8221; el_class=&#8221;custom_title&#8221;][vc_column][vc_custom_heading text=&#8221;KS Holding&#8221; font_container=&#8221;tag:h1|font_size:60px|text_align:center|color:%23ffffff|line_height:100%25&#8243; use_theme_fonts=&#8221;yes&#8221;][\/vc_column][\/vc_row][vc_row full_width=&#8221;stretch_row&#8221; equal_height=&#8221;yes&#8221; content_placement=&#8221;middle&#8221; css=&#8221;.vc_custom_1724817928338{padding-top: 35px !important;padding-bottom: 35px !important;background-color: #111111 !important;background-position: center !important;background-repeat: no-repeat !important;background-size: cover !important;}&#8221; el_class=&#8221;column-reverse-767&#8243;][vc_column width=&#8221;1\/2&#8243;][vc_single_image image=&#8221;14515&#8243; css=&#8221;.vc_custom_1724813272185{margin-bottom: 35px !important;}&#8221;][vc_empty_space height=&#8221;13px&#8221; el_class=&#8221;mobile-none-768&#8243;][vc_column_text el_class=&#8221;grey_text max-width-422&#8243; css=&#8221;.vc_custom_1734443883404{margin-bottom: 35px !important;}&#8221;]KS HOLDING Sp. z o.o. is an investment company specializing in [&hellip;]<\/p>\n","protected":false},"author":9,"featured_media":0,"parent":0,"menu_order":0,"comment_status":"closed","ping_status":"closed","template":"","meta":{"footnotes":""},"class_list":["post-14509","page","type-page","status-publish","hentry"],"translation":{"provider":"WPGlobus","version":"3.0.0","language":"en","enabled_languages":["pl","en"],"languages":{"pl":{"title":true,"content":true,"excerpt":false},"en":{"title":true,"content":true,"excerpt":false}}},"acf":[],"_links":{"self":[{"href":"https:\/\/euroholding.pl\/en\/wp-json\/wp\/v2\/pages\/14509","targetHints":{"allow":["GET"]}}],"collection":[{"href":"https:\/\/euroholding.pl\/en\/wp-json\/wp\/v2\/pages"}],"about":[{"href":"https:\/\/euroholding.pl\/en\/wp-json\/wp\/v2\/types\/page"}],"author":[{"embeddable":true,"href":"https:\/\/euroholding.pl\/en\/wp-json\/wp\/v2\/users\/9"}],"replies":[{"embeddable":true,"href":"https:\/\/euroholding.pl\/en\/wp-json\/wp\/v2\/comments?post=14509"}],"version-history":[{"count":57,"href":"https:\/\/euroholding.pl\/en\/wp-json\/wp\/v2\/pages\/14509\/revisions"}],"predecessor-version":[{"id":14986,"href":"https:\/\/euroholding.pl\/en\/wp-json\/wp\/v2\/pages\/14509\/revisions\/14986"}],"wp:attachment":[{"href":"https:\/\/euroholding.pl\/en\/wp-json\/wp\/v2\/media?parent=14509"}],"curies":[{"name":"wp","href":"https:\/\/api.w.org\/{rel}","templated":true}]}}